{"id":7,"date":"2025-05-07T12:42:25","date_gmt":"2025-05-07T15:42:25","guid":{"rendered":"http:\/\/imagoexames.com.br\/?page_id=7"},"modified":"2025-05-07T13:04:42","modified_gmt":"2025-05-07T16:04:42","slug":"home","status":"publish","type":"page","link":"https:\/\/imagoexames.com.br\/","title":{"rendered":"Home"},"content":{"rendered":"\t\t<div data-elementor-type=\"wp-page\" data-elementor-id=\"7\" class=\"elementor elementor-7\">\n\t\t\t\t<div class=\"elementor-element elementor-element-c5366a5 e-grid e-con-boxed e-con e-parent\" data-id=\"c5366a5\" data-element_type=\"container\" data-settings=\"{&quot;background_background&quot;:&quot;video&quot;}\">\n\t\t\t\t\t<div class=\"e-con-inner\">\n\t\t\t\t<div class=\"elementor-element elementor-element-41dd94b elementor-widget elementor-widget-image\" data-id=\"41dd94b\" data-element_type=\"widget\" data-widget_type=\"image.default\">\n\t\t\t\t<div class=\"elementor-widget-container\">\n\t\t\t\t\t\t\t\t\t\t\t\t\t\t\t<img fetchpriority=\"high\" decoding=\"async\" width=\"450\" height=\"200\" src=\"https:\/\/imagoexames.com.br\/wp-content\/uploads\/2025\/05\/Logo-Imago-Transparente.png\" class=\"attachment-large size-large wp-image-11\" alt=\"\" srcset=\"https:\/\/imagoexames.com.br\/wp-content\/uploads\/2025\/05\/Logo-Imago-Transparente.png 450w, https:\/\/imagoexames.com.br\/wp-content\/uploads\/2025\/05\/Logo-Imago-Transparente-300x133.png 300w\" sizes=\"(max-width: 450px) 100vw, 450px\" \/>\t\t\t\t\t\t\t\t\t\t\t\t\t\t\t<\/div>\n\t\t\t\t<\/div>\n\t\t<div class=\"elementor-element elementor-element-e3fee33 e-con-full e-flex e-con e-child\" data-id=\"e3fee33\" data-element_type=\"container\">\n\t\t\t\t<\/div>\n\t\t\t\t<div class=\"elementor-element elementor-element-876a6f5 elementor-align-left elementor-widget elementor-widget-button\" data-id=\"876a6f5\" data-element_type=\"widget\" data-widget_type=\"button.default\">\n\t\t\t\t<div class=\"elementor-widget-container\">\n\t\t\t\t\t\t\t\t\t<div class=\"elementor-button-wrapper\">\n\t\t\t\t\t<a class=\"elementor-button elementor-button-link elementor-size-sm\" href=\"https:\/\/entregadeexames.com.br\/\">\n\t\t\t\t\t\t<span class=\"elementor-button-content-wrapper\">\n\t\t\t\t\t\t\t\t\t<span class=\"elementor-button-text\">Resultados de Exames<\/span>\n\t\t\t\t\t<\/span>\n\t\t\t\t\t<\/a>\n\t\t\t\t<\/div>\n\t\t\t\t\t\t\t\t<\/div>\n\t\t\t\t<\/div>\n\t\t\t\t\t<\/div>\n\t\t\t\t<\/div>\n\t\t<div class=\"elementor-element elementor-element-47bc73e e-flex e-con-boxed e-con e-parent\" data-id=\"47bc73e\" data-element_type=\"container\" data-settings=\"{&quot;background_background&quot;:&quot;classic&quot;}\">\n\t\t\t\t\t<div class=\"e-con-inner\">\n\t\t<div class=\"elementor-element elementor-element-e7597b1 e-con-full e-flex e-con e-child\" data-id=\"e7597b1\" data-element_type=\"container\">\n\t\t<div class=\"elementor-element elementor-element-4cb9cf9 e-con-full e-flex e-con e-child\" data-id=\"4cb9cf9\" data-element_type=\"container\">\n\t\t\t\t<div class=\"elementor-element elementor-element-5b8b8cd elementor-widget__width-initial elementor-widget elementor-widget-heading\" data-id=\"5b8b8cd\" data-element_type=\"widget\" data-widget_type=\"heading.default\">\n\t\t\t\t<div class=\"elementor-widget-container\">\n\t\t\t\t\t<h2 class=\"elementor-heading-title elementor-size-default\">Precis\u00e3o em Diagn\u00f3stico por Imagem, \nCuidado com Voc\u00ea!<\/h2>\t\t\t\t<\/div>\n\t\t\t\t<\/div>\n\t\t\t\t<div class=\"elementor-element elementor-element-c460529 elementor-widget elementor-widget-text-editor\" data-id=\"c460529\" data-element_type=\"widget\" data-widget_type=\"text-editor.default\">\n\t\t\t\t<div class=\"elementor-widget-container\">\n\t\t\t\t\t\t\t\t\t<p data-start=\"377\" data-end=\"547\">Na Imago Exames, oferecemos servi\u00e7os de tomografia e raio-x com tecnologia avan\u00e7ada, conforto e rapidez. <br \/><br \/>Resultados confi\u00e1veis que priorizam a sua sa\u00fade!<\/p><p data-start=\"549\" data-end=\"615\">\u00a0<\/p>\t\t\t\t\t\t\t\t<\/div>\n\t\t\t\t<\/div>\n\t\t\t\t<\/div>\n\t\t\t\t<\/div>\n\t\t<div class=\"elementor-element elementor-element-265c0f0 e-con-full e-flex e-con e-child\" data-id=\"265c0f0\" data-element_type=\"container\">\n\t\t\t\t<div class=\"elementor-element elementor-element-e3f4583 elementor-widget__width-initial elementor-widget elementor-widget-image\" data-id=\"e3f4583\" data-element_type=\"widget\" data-widget_type=\"image.default\">\n\t\t\t\t<div class=\"elementor-widget-container\">\n\t\t\t\t\t\t\t\t\t\t\t\t\t\t\t<img decoding=\"async\" width=\"1024\" height=\"450\" src=\"https:\/\/imagoexames.com.br\/wp-content\/uploads\/2025\/05\/Design-sem-nome-8.png\" class=\"attachment-full size-full wp-image-13\" alt=\"\" srcset=\"https:\/\/imagoexames.com.br\/wp-content\/uploads\/2025\/05\/Design-sem-nome-8.png 1024w, https:\/\/imagoexames.com.br\/wp-content\/uploads\/2025\/05\/Design-sem-nome-8-300x132.png 300w, https:\/\/imagoexames.com.br\/wp-content\/uploads\/2025\/05\/Design-sem-nome-8-768x338.png 768w\" sizes=\"(max-width: 1024px) 100vw, 1024px\" \/>\t\t\t\t\t\t\t\t\t\t\t\t\t\t\t<\/div>\n\t\t\t\t<\/div>\n\t\t\t\t<\/div>\n\t\t\t\t\t<\/div>\n\t\t\t\t<\/div>\n\t\t<div class=\"elementor-element elementor-element-7549cc2 e-flex e-con-boxed e-con e-parent\" data-id=\"7549cc2\" data-element_type=\"container\" data-settings=\"{&quot;background_background&quot;:&quot;classic&quot;}\">\n\t\t\t\t\t<div class=\"e-con-inner\">\n\t\t\t\t<div class=\"elementor-element elementor-element-cf72417 elementor-widget__width-initial elementor-widget elementor-widget-heading\" data-id=\"cf72417\" data-element_type=\"widget\" data-widget_type=\"heading.default\">\n\t\t\t\t<div class=\"elementor-widget-container\">\n\t\t\t\t\t<h2 class=\"elementor-heading-title elementor-size-default\">Nossos Exames<\/h2>\t\t\t\t<\/div>\n\t\t\t\t<\/div>\n\t\t\t\t\t<\/div>\n\t\t\t\t<\/div>\n\t\t<div class=\"elementor-element elementor-element-af00343 e-flex e-con-boxed e-con e-parent\" data-id=\"af00343\" data-element_type=\"container\" data-settings=\"{&quot;background_background&quot;:&quot;classic&quot;}\">\n\t\t\t\t\t<div class=\"e-con-inner\">\n\t\t<div class=\"elementor-element elementor-element-2d33e6f e-con-full e-flex e-con e-child\" data-id=\"2d33e6f\" data-element_type=\"container\">\n\t\t\t\t<div class=\"elementor-element elementor-element-01d4bec elementor-widget elementor-widget-image-box\" data-id=\"01d4bec\" data-element_type=\"widget\" data-widget_type=\"image-box.default\">\n\t\t\t\t<div class=\"elementor-widget-container\">\n\t\t\t\t\t<div class=\"elementor-image-box-wrapper\"><div class=\"elementor-image-box-content\"><h3 class=\"elementor-image-box-title\">Tomografia Computadorizada<\/h3><p class=\"elementor-image-box-description\">Alta defini\u00e7\u00e3o e precis\u00e3o em imagens para diagn\u00f3sticos detalhados. Ideal para exames neurol\u00f3gicos, abdominais, ortop\u00e9dicos e mais.<\/p><\/div><\/div>\t\t\t\t<\/div>\n\t\t\t\t<\/div>\n\t\t\t\t<\/div>\n\t\t<div class=\"elementor-element elementor-element-96c7e22 e-con-full e-flex e-con e-child\" data-id=\"96c7e22\" data-element_type=\"container\">\n\t\t\t\t<div class=\"elementor-element elementor-element-4f5c3ea elementor-widget elementor-widget-image-box\" data-id=\"4f5c3ea\" data-element_type=\"widget\" data-widget_type=\"image-box.default\">\n\t\t\t\t<div class=\"elementor-widget-container\">\n\t\t\t\t\t<div class=\"elementor-image-box-wrapper\"><div class=\"elementor-image-box-content\"><h3 class=\"elementor-image-box-title\">Raio-X Digital<\/h3><p class=\"elementor-image-box-description\">Exames r\u00e1pidos, com baixa exposi\u00e7\u00e3o \u00e0 radia\u00e7\u00e3o e imagens com excelente resolu\u00e7\u00e3o. Ideal para avalia\u00e7\u00f5es de fraturas, pulm\u00e3o, coluna e outras estruturas \u00f3sseas.<\/p><\/div><\/div>\t\t\t\t<\/div>\n\t\t\t\t<\/div>\n\t\t\t\t<\/div>\n\t\t\t\t\t<\/div>\n\t\t\t\t<\/div>\n\t\t<div class=\"elementor-element elementor-element-68eca45 e-flex e-con-boxed e-con e-parent\" data-id=\"68eca45\" data-element_type=\"container\" data-settings=\"{&quot;background_background&quot;:&quot;classic&quot;}\">\n\t\t\t\t\t<div class=\"e-con-inner\">\n\t\t<div class=\"elementor-element elementor-element-9279d56 e-con-full e-flex e-con e-child\" data-id=\"9279d56\" data-element_type=\"container\">\n\t\t\t\t<div class=\"elementor-element elementor-element-94cf13f elementor-widget__width-initial elementor-widget elementor-widget-heading\" data-id=\"94cf13f\" data-element_type=\"widget\" data-widget_type=\"heading.default\">\n\t\t\t\t<div class=\"elementor-widget-container\">\n\t\t\t\t\t<h2 class=\"elementor-heading-title elementor-size-default\">Sobre a Imago Exames<\/h2>\t\t\t\t<\/div>\n\t\t\t\t<\/div>\n\t\t\t\t<div class=\"elementor-element elementor-element-2627cce elementor-widget elementor-widget-text-editor\" data-id=\"2627cce\" data-element_type=\"widget\" data-widget_type=\"text-editor.default\">\n\t\t\t\t<div class=\"elementor-widget-container\">\n\t\t\t\t\t\t\t\t\t<p data-start=\"655\" data-end=\"949\">A Imago Exames \u00e9 uma cl\u00ednica especializada em diagn\u00f3stico por imagem, focada em oferecer exames de <strong data-start=\"772\" data-end=\"802\">tomografia computadorizada<\/strong> e <strong data-start=\"805\" data-end=\"823\">raio-x digital<\/strong> com <strong data-start=\"828\" data-end=\"880\">equipamentos modernos, equipe t\u00e9cnica experiente<\/strong> e total comprometimento com a qualidade e o bem-estar dos pacientes.<\/p><p data-start=\"951\" data-end=\"1059\">Com atendimento humanizado e laudos precisos, somos o elo entre o cuidado m\u00e9dico e a tecnologia diagn\u00f3stica.<\/p>\t\t\t\t\t\t\t\t<\/div>\n\t\t\t\t<\/div>\n\t\t\t\t<\/div>\n\t\t\t\t\t<\/div>\n\t\t\t\t<\/div>\n\t\t<div class=\"elementor-element elementor-element-87798a5 e-flex e-con-boxed e-con e-parent\" data-id=\"87798a5\" data-element_type=\"container\" data-settings=\"{&quot;background_background&quot;:&quot;classic&quot;}\">\n\t\t\t\t\t<div class=\"e-con-inner\">\n\t\t<div class=\"elementor-element elementor-element-50a140e e-con-full e-flex e-con e-child\" data-id=\"50a140e\" data-element_type=\"container\">\n\t\t\t\t<div class=\"elementor-element elementor-element-00cd0c0 elementor-widget__width-initial elementor-widget elementor-widget-heading\" data-id=\"00cd0c0\" data-element_type=\"widget\" data-widget_type=\"heading.default\">\n\t\t\t\t<div class=\"elementor-widget-container\">\n\t\t\t\t\t<h2 class=\"elementor-heading-title elementor-size-default\">Por que Escolher a Imago?<\/h2>\t\t\t\t<\/div>\n\t\t\t\t<\/div>\n\t\t\t\t<\/div>\n\t\t<div class=\"elementor-element elementor-element-674e0b6 e-con-full e-flex e-con e-child\" data-id=\"674e0b6\" data-element_type=\"container\">\n\t\t\t\t<div class=\"elementor-element elementor-element-41c932a elementor-widget__width-initial elementor-widget elementor-widget-text-editor\" data-id=\"41c932a\" data-element_type=\"widget\" data-widget_type=\"text-editor.default\">\n\t\t\t\t<div class=\"elementor-widget-container\">\n\t\t\t\t\t\t\t\t\t<p data-start=\"655\" data-end=\"949\">\u2705 Equipamentos modernos e calibrados<br data-start=\"1518\" data-end=\"1521\" \/>\u2705 Resultados com agilidade e precis\u00e3o<br data-start=\"1558\" data-end=\"1561\" \/>\u2705 Equipe m\u00e9dica e t\u00e9cnica altamente qualificada<br data-start=\"1608\" data-end=\"1611\" \/>\u2705 Atendimento humanizado e pontual<br data-start=\"1645\" data-end=\"1648\" \/>\u2705 Ambiente confort\u00e1vel e acess\u00edvel<\/p>\t\t\t\t\t\t\t\t<\/div>\n\t\t\t\t<\/div>\n\t\t\t\t<\/div>\n\t\t\t\t\t<\/div>\n\t\t\t\t<\/div>\n\t\t<div class=\"elementor-element elementor-element-b7e21fb e-grid e-con-full e-con e-parent\" data-id=\"b7e21fb\" data-element_type=\"container\" data-settings=\"{&quot;background_background&quot;:&quot;video&quot;}\">\n\t\t<div class=\"elementor-element elementor-element-4b18957 e-con-full e-flex e-con e-child\" data-id=\"4b18957\" data-element_type=\"container\">\n\t\t\t\t<\/div>\n\t\t\t\t<\/div>\n\t\t\t\t<\/div>\n\t\t","protected":false},"excerpt":{"rendered":"<p>Resultados de Exames Precis\u00e3o em Diagn\u00f3stico por Imagem, Cuidado com Voc\u00ea! Na Imago Exames, oferecemos servi\u00e7os de tomografia e raio-x com tecnologia avan\u00e7ada, conforto e rapidez. Resultados confi\u00e1veis que priorizam a sua sa\u00fade! \u00a0 Nossos Exames Tomografia Computadorizada Alta defini\u00e7\u00e3o e precis\u00e3o em imagens para diagn\u00f3sticos detalhados. Ideal para exames neurol\u00f3gicos, abdominais, ortop\u00e9dicos e mais. [&hellip;]<\/p>\n","protected":false},"author":1,"featured_media":0,"parent":0,"menu_order":0,"comment_status":"closed","ping_status":"closed","template":"elementor_canvas","meta":{"footnotes":""},"class_list":["post-7","page","type-page","status-publish","hentry"],"_links":{"self":[{"href":"https:\/\/imagoexames.com.br\/index.php\/wp-json\/wp\/v2\/pages\/7","targetHints":{"allow":["GET"]}}],"collection":[{"href":"https:\/\/imagoexames.com.br\/index.php\/wp-json\/wp\/v2\/pages"}],"about":[{"href":"https:\/\/imagoexames.com.br\/index.php\/wp-json\/wp\/v2\/types\/page"}],"author":[{"embeddable":true,"href":"https:\/\/imagoexames.com.br\/index.php\/wp-json\/wp\/v2\/users\/1"}],"replies":[{"embeddable":true,"href":"https:\/\/imagoexames.com.br\/index.php\/wp-json\/wp\/v2\/comments?post=7"}],"version-history":[{"count":19,"href":"https:\/\/imagoexames.com.br\/index.php\/wp-json\/wp\/v2\/pages\/7\/revisions"}],"predecessor-version":[{"id":31,"href":"https:\/\/imagoexames.com.br\/index.php\/wp-json\/wp\/v2\/pages\/7\/revisions\/31"}],"wp:attachment":[{"href":"https:\/\/imagoexames.com.br\/index.php\/wp-json\/wp\/v2\/media?parent=7"}],"curies":[{"name":"wp","href":"https:\/\/api.w.org\/{rel}","templated":true}]}}